{"id":3168,"date":"2023-10-04T15:18:40","date_gmt":"2023-10-04T15:18:40","guid":{"rendered":"https:\/\/www.sabrinajeblaoui.com\/?page_id=3168"},"modified":"2023-10-04T15:21:18","modified_gmt":"2023-10-04T15:21:18","slug":"testimonials","status":"publish","type":"page","link":"https:\/\/www.sabrinajeblaoui.com\/?page_id=3168","title":{"rendered":"Testimonials"},"content":{"rendered":"\n<p><\/p>\n\n\n\n<p><\/p>\n\n\n\n<p><em>The shooting with you can best be described in three words: authentic, relaxation and strength. I was a bit nervous, but your relaxed nature made it feel normal to be in front of the camera after a few minutes. you have given me the time and space to find my way around and well. The result is beautiful authentic images which are both gentle and expressive. I love every single photo! I am glad to have had this experience and thank you for the opportunity. In front of your lens I like to dare again. <\/em>\u00a0\u00bb <em><strong>Wiebke<\/strong><\/em><\/p>\n\n\n\n<p>___________________________________________________________________________________<\/p>\n\n\n\n<p><em>\u201cJ\u2019ai pass\u00e9 un moment d\u00e9licieux avec Sabrina ! Nous nous sommes rendues dans un parc \u00e0 Berlin et nous avons pris des photos dans plusieurs endroits. Elle m\u2019a facilement mise \u00e0 l\u2019aise, elle a pris le temps de me conna\u00eetre pour capturer les meilleurs moments avec son appareil. Elle a un don pour \u00e9couter avec son coeur ! Les photos sont superbes, je suis ravie du r\u00e9sultat. Les clich\u00e9s refl\u00e8tent vraiment mon univers et ce que je souhaite vibrer dans le monde. Sabrina est tr\u00e8s intuitive, je la recommande chaleureusement.\u00a0\u00bb<\/em> <em><strong>Anne-Claire Meret<\/strong><\/em><\/p>\n\n\n\n<p>___________________________________________________________________________________<\/p>\n\n\n\n<p><em>\u201cJ\u2019ai eu la chance de me faire photographier par Sabrina r\u00e9cemment et ce fut un r\u00e9el moment de plaisir. Elle a su \u00eatre \u00e0 mon \u00e9coute et m\u2019a mise \u00e0 l\u2019aise d\u00e8s le d\u00e9but. J\u2019ai aussi appr\u00e9ci\u00e9 sa patience tout au long de la s\u00e9ance. Et le r\u00e9sultat \u00e9tait au rendez-vous ! Elle a su faire ressortir mon c\u00f4t\u00e9 un peu \u201ccanaille\u201d sur plusieurs photos comme je le souhaitais. Je recommande donc !\u201d<\/em> <em><strong>Nellie<\/strong><\/em><\/p>\n\n\n\n<p>___________________________________________________________________________________<\/p>\n\n\n\n<p><em>Mit Sabrina habe ich mein erstes Nacktshouting gemacht und ich war sehr aufgeregt, denn ich bin nicht der Mensch, der sich problemlos vor Menschen, die ich nicht gut kennen, nackt zeigt. Sabrina hatte aber eine Art ansich, durch die ich mich sofort umsorgt und super gut aufgehoben gef\u00fchlt habe. Ich hatte das Gef\u00fchl, dass sie sehr behutsam mit mir sein wird und meine Grenzen sehr gut wahrnehmen kann und mich nicht bedr\u00e4ngen wird. So war es dann auch. Ich konnte mich fallen lassen und es war wie ein Tanz von Wind und Bl\u00e4ttern. Sie beim Fotografieren zu erleben und ihr Gesicht dabei anzuschauen, habe ich auch sehr genossen. Sie hat mir dabei eine sehr seri\u00f6se und stille und konzentrierte Seite gezeigt, war aber in angemessenen Stellen auch fr\u00f6hlich und sehr humorvoll.Ich konnte in Ihr eine Tiefe und Leidenschaft f\u00fcr das was sie tut, erkennen. Die Fotos sind wundersch\u00f6n geworden. Schon w\u00e4hrend der Session habe ich mich sehr nat\u00fcrlich gesehen gef\u00fchlt, so als w\u00e4re der Fokus nicht auf sch\u00f6ne Posen und mainstream &#8211; \u00ab\u00a0Vorteilhaftigkeit des Frauenk\u00f6rpers\u00a0\u00bbausgerichtet, sondern Sabrina war auf mich pers\u00f6nlich fokusiert, auf meine Nat\u00fcrlichkeit und irgendwie auch auf meine Seelenhaftigkeit. Und es gibt wenige Fotos von mir, die mich so echt darstellen und meine nat\u00fcrliche Sch\u00f6nheit zeigen, wie die Fotos aus dieser Session. &#8211; Von Herzen Dankesch\u00f6n, Sabrina<\/em>\u00a0\u00bb <strong>Mara<\/strong><\/p>\n\n\n\n<p>___________________________________________________________________________________<\/p>\n\n\n\n<p><em>\u201cD&rsquo;habitude les photoshoots\u2764 sont ma b\u00eate noire, j&rsquo;en ai besoin pour mon travail mais je repousse le moment ou je dois les faire. Avec Sabrina c&rsquo;\u00e9tait g\u00e9nial et j&rsquo;adore le r\u00e9sultat! Elle a \u00e9t\u00e9 \u00e0 mon \u00e9coute et en m\u00eame temps propositive. tr\u00e8s inventive et professionnelle. Je me suis sentie \u00e0 l&rsquo;aise et j&rsquo;ai pass\u00e9 un moment super agr\u00e9able. Les photos correspondent parfaitement \u00e0 mes diff\u00e9rents besoin pro et perso. Je la recommande vivement \u00e0 toutes celles qui souhaite vivre une belle exp\u00e9rience et qui ont besoin de photos. Je suis fan \u2764\ufe0f\u201d<\/em> <strong><strong>Leela<\/strong><\/strong><\/p>\n\n\n\n<p>___________________________________________________________________________________<\/p>\n\n\n\n<p><em>\u00ab\u00a0J\u2019ai fait appel \u00e0 Sabrina pour des photos li\u00e9es \u00e0 mon activit\u00e9 de musicienne et je ne peux que vivement la recommander! Elle ne compte pas son temps et prend vraiment le temps d\u2019aller au bout de ses id\u00e9es afin d\u2019offrir un large choix de photographies. J\u2019ai \u00e9t\u00e9 tr\u00e8s impressionn\u00e9e du nombre de photos re\u00e7ues, toutes de tr\u00e8s bonne qualit\u00e9. Mon seul probl\u00e8me maintenant est d\u2019avoir l\u2019embarras du choix! Je me suis \u00e9galement sentie tr\u00e8s \u00e0 l\u2019aise et tr\u00e8s safe avec elle, ce qui \u00e9tait tres important pour moi car je n\u2019ai pas l\u2019habitude de me livrer \u00e0 ce genre d\u2019exercice. Je recommande!\u00a0\u00bb<\/em> <strong>Constance<\/strong><\/p>\n","protected":false},"excerpt":{"rendered":"<p>The shooting with you can best be described in three words: authentic, relaxation and strength. I was a bit nervous, but your relaxed nature made it feel normal to be in front of the camera after a few minutes. you have given me the time and space to find my way around and well. The &hellip;<\/p>\n","protected":false},"author":1,"featured_media":0,"parent":0,"menu_order":0,"comment_status":"closed","ping_status":"closed","template":"","meta":{"footnotes":""},"class_list":["post-3168","page","type-page","status-publish","hentry"],"_links":{"self":[{"href":"https:\/\/www.sabrinajeblaoui.com\/index.php?rest_route=\/wp\/v2\/pages\/3168","targetHints":{"allow":["GET"]}}],"collection":[{"href":"https:\/\/www.sabrinajeblaoui.com\/index.php?rest_route=\/wp\/v2\/pages"}],"about":[{"href":"https:\/\/www.sabrinajeblaoui.com\/index.php?rest_route=\/wp\/v2\/types\/page"}],"author":[{"embeddable":true,"href":"https:\/\/www.sabrinajeblaoui.com\/index.php?rest_route=\/wp\/v2\/users\/1"}],"replies":[{"embeddable":true,"href":"https:\/\/www.sabrinajeblaoui.com\/index.php?rest_route=%2Fwp%2Fv2%2Fcomments&post=3168"}],"version-history":[{"count":3,"href":"https:\/\/www.sabrinajeblaoui.com\/index.php?rest_route=\/wp\/v2\/pages\/3168\/revisions"}],"predecessor-version":[{"id":3173,"href":"https:\/\/www.sabrinajeblaoui.com\/index.php?rest_route=\/wp\/v2\/pages\/3168\/revisions\/3173"}],"wp:attachment":[{"href":"https:\/\/www.sabrinajeblaoui.com\/index.php?rest_route=%2Fwp%2Fv2%2Fmedia&parent=3168"}],"curies":[{"name":"wp","href":"https:\/\/api.w.org\/{rel}","templated":true}]}}